{"id":5,"date":"2017-09-18T11:28:10","date_gmt":"2017-09-18T14:28:10","guid":{"rendered":"http:\/\/pneusavon.com.br\/site\/?page_id=5"},"modified":"2019-05-31T17:23:28","modified_gmt":"2019-05-31T20:23:28","slug":"home","status":"publish","type":"page","link":"http:\/\/pneusavon.com.br\/site\/","title":{"rendered":"HOME"},"content":{"rendered":"<p>SOBRE<\/p>\n<p>A Avon tyres \u00e9 uma marca inglesa sin\u00f4nimo de qualidade e tradi\u00e7\u00e3o. Fundada em 1885, a marca vem fabricando pneus desde 1900, quando a at\u00e9 ent\u00e3o Avon India Rubber come\u00e7ou a criar seus primeiros pneus para bicicletas, seguindo para pneus de motocicletas em 1911. Hoje \u00e9 equipamento original de modelos de marcas reconhecidas tais como Rolls-Royce, Bentley, Land Rover, Caterham, Royal Enfield e Triumph.<\/p>\n<p>CONHE\u00c7A MAIS<\/p>\n<p>Equipamento original das marcas<\/p>\n<p>produtos<\/p>\n<p>Pneu tricomposto para motocicletas touring\/custom<\/p>\n<p>Estilo e performance para motos custom<\/p>\n<p>Robustez, confiabilidade e estilo para big trails<\/p>\n<p>Versatilidade para todos os terrenos<\/p>\n<p><!-- {\"name\":\"\",\"type\":\"layout\",\"children\":[{\"name\":\"\",\"type\":\"section\",\"props\":{\"style\":\"default\",\"width\":\"\",\"vertical_align\":\"middle\",\"title_position\":\"top-left\",\"title_rotation\":\"left\",\"title_breakpoint\":\"xl\",\"image_position\":\"center-center\",\"height\":\"\",\"padding\":\"none\"},\"children\":[{\"name\":\"\",\"type\":\"row\",\"props\":{\"fixed_width\":\"large\",\"breakpoint\":\"m\",\"layout\":\"1-1\"},\"children\":[{\"name\":\"\",\"type\":\"column\",\"props\":{\"widths\":[\"1-1\"],\"image_position\":\"center-center\"},\"children\":[{\"name\":\"\",\"type\":\"wordpress_widget\",\"props\":{\"menu_style\":\"nav\",\"widget\":\"widgetkit-2\",\"type\":\"widgetkit\",\"margin\":\"remove-vertical\"}}]}]}]},{\"name\":\"\",\"type\":\"section\",\"props\":{\"style\":\"default\",\"width\":\"default\",\"vertical_align\":\"middle\",\"title_position\":\"top-left\",\"title_rotation\":\"left\",\"title_breakpoint\":\"xl\",\"image_position\":\"center-center\"},\"children\":[{\"name\":\"\",\"type\":\"row\",\"props\":{\"fixed_width\":\"large\",\"breakpoint\":\"m\",\"layout\":\",\",\"vertical_align\":true},\"children\":[{\"name\":\"\",\"type\":\"column\",\"props\":{\"widths\":[\"\"],\"image_position\":\"center-center\"},\"children\":[{\"name\":\"\",\"type\":\"image\",\"props\":{\"margin\":\"default\",\"image\":\"wp-content\\\/uploads\\\/2017\\\/09\\\/sobre-home.jpg\"}}]},{\"name\":\"\",\"type\":\"column\",\"props\":{\"widths\":[\"\"],\"image_position\":\"center-center\"},\"children\":[{\"name\":\"\",\"type\":\"headline\",\"props\":{\"title_element\":\"h3\",\"content\":\"SOBRE\",\"title_style\":\"h3\",\"title_decoration\":\"divider\"}},{\"name\":\"\",\"type\":\"text\",\"props\":{\"margin\":\"default\",\"column_breakpoint\":\"m\",\"content\":\"A Avon tyres \\u00e9 uma marca inglesa sin\\u00f4nimo de qualidade e tradi\\u00e7\\u00e3o. Fundada em 1885, a marca vem fabricando pneus desde 1900, quando a at\\u00e9 ent\\u00e3o Avon India Rubber come\\u00e7ou a criar seus primeiros pneus para bicicletas, seguindo para pneus de motocicletas em 1911. Hoje \\u00e9 equipamento original de modelos de marcas reconhecidas tais como Rolls-Royce, Bentley, Land Rover, Caterham, Royal Enfield e Triumph.\"}},{\"name\":\"\",\"type\":\"button\",\"props\":{\"gutter\":\"small\",\"margin\":\"default\"},\"children\":[{\"name\":\"\",\"type\":\"button_item\",\"props\":{\"button_style\":\"secondary\",\"icon_align\":\"left\",\"content\":\"CONHE\\u00c7A MAIS\",\"link\":\"http:\\\/\\\/pneusavon.com.br\\\/site\\\/avon\\\/\"}}]}]}]},{\"name\":\"\",\"type\":\"row\",\"props\":{\"fixed_width\":\"large\",\"breakpoint\":\"m\",\"layout\":\"1-1\"},\"children\":[{\"name\":\"\",\"type\":\"column\",\"props\":{\"widths\":[\"1-1\"],\"image_position\":\"center-center\"},\"children\":[{\"name\":\"\",\"type\":\"headline\",\"props\":{\"title_element\":\"h1\",\"content\":\"Equipamento original das marcas\",\"title_style\":\"h4\",\"text_align\":\"center\",\"title_decoration\":\"line\"}},{\"name\":\"\",\"type\":\"grid\",\"props\":{\"show_title\":false,\"show_meta\":false,\"show_content\":false,\"show_image\":true,\"show_link\":false,\"grid_default\":\"2\",\"grid_medium\":\"6\",\"title_element\":\"h3\",\"meta_style\":\"meta\",\"meta_align\":\"bottom\",\"icon_ratio\":4,\"image_align\":\"top\",\"image_grid_width\":\"1-2\",\"image_breakpoint\":\"m\",\"link_text\":\"Read more\",\"link_style\":\"default\",\"margin\":\"default\",\"divider\":true,\"grid_small\":\"3\",\"text_align\":\"center\"},\"children\":[{\"name\":\"\",\"type\":\"grid_item\",\"props\":{\"image\":\"wp-content\\\/uploads\\\/2017\\\/09\\\/marcas-rolls.jpg\"}},{\"name\":\"\",\"type\":\"grid_item\",\"props\":{\"image\":\"wp-content\\\/uploads\\\/2017\\\/09\\\/marcas-bentley.jpg\"}},{\"name\":\"\",\"type\":\"grid_item\",\"props\":{\"image\":\"wp-content\\\/uploads\\\/2017\\\/09\\\/marcas-land.jpg\"}},{\"name\":\"\",\"type\":\"grid_item\",\"props\":{\"image\":\"wp-content\\\/uploads\\\/2019\\\/02\\\/marcas-royal.jpg\"}},{\"name\":\"\",\"type\":\"grid_item\",\"props\":{\"image\":\"wp-content\\\/uploads\\\/2019\\\/02\\\/marcas-triumph.jpg\"}},{\"name\":\"\",\"type\":\"grid_item\",\"props\":{\"image\":\"wp-content\\\/uploads\\\/2019\\\/02\\\/marca-ktm.png\"}}]}]}]}]},{\"name\":\"\",\"type\":\"section\",\"props\":{\"style\":\"muted\",\"width\":\"default\",\"vertical_align\":\"middle\",\"title_position\":\"top-left\",\"title_rotation\":\"left\",\"title_breakpoint\":\"xl\",\"image_position\":\"center-center\"},\"children\":[{\"name\":\"\",\"type\":\"row\",\"props\":{\"fixed_width\":\"large\",\"breakpoint\":\"m\",\"layout\":\"1-1\"},\"children\":[{\"name\":\"\",\"type\":\"column\",\"props\":{\"widths\":[\"1-1\"],\"image_position\":\"center-center\"},\"children\":[{\"name\":\"\",\"type\":\"headline\",\"props\":{\"title_element\":\"h1\",\"content\":\"produtos\",\"text_align\":\"center\",\"title_decoration\":\"line\"}}]}]},{\"name\":\"\",\"type\":\"row\",\"props\":{\"fixed_width\":\"large\",\"breakpoint\":\"m\",\"layout\":\",\",\"match\":true,\"vertical_align\":true},\"children\":[{\"name\":\"\",\"type\":\"column\",\"props\":{\"widths\":[\"\"],\"image_position\":\"center-center\"},\"children\":[{\"name\":\"\",\"type\":\"panel\",\"props\":{\"link_text\":\"PRODUTOS\",\"title_element\":\"h3\",\"meta_style\":\"meta\",\"meta_align\":\"bottom\",\"icon_ratio\":4,\"image_align\":\"top\",\"image_grid_width\":\"1-3\",\"image_breakpoint\":\"s\",\"link_style\":\"primary\",\"margin\":\"default\",\"title\":\"COBRA CHROME\",\"image\":\"wp-content\\\/uploads\\\/2019\\\/05\\\/chrome.jpg\",\"content\":\"Pneu tricomposto para motocicletas touring\\\/custom\",\"link\":\"http:\\\/\\\/pneusavon.com.br\\\/site\\\/produtos\\\/\",\"panel_style\":\"card-hover\",\"panel_size\":\"small\",\"image_gutter\":\"small\",\"image_vertical_align\":true,\"link_size\":\"small\",\"text_align\":\"center\"}},{\"name\":\"\",\"type\":\"panel\",\"props\":{\"link_text\":\"PRODUTOS\",\"title_element\":\"h3\",\"meta_style\":\"meta\",\"meta_align\":\"bottom\",\"icon_ratio\":4,\"image_align\":\"top\",\"image_grid_width\":\"1-3\",\"image_breakpoint\":\"s\",\"link_style\":\"primary\",\"margin\":\"default\",\"title\":\"COBRA\",\"image\":\"wp-content\\\/uploads\\\/2019\\\/02\\\/cobra-2.jpg\",\"content\":\"\n\n<p>Estilo e performance para motos custom<\\\/p>\",\"link\":\"http:\\\/\\\/pneusavon.com.br\\\/site\\\/produtos\\\/\",\"panel_style\":\"card-hover\",\"panel_size\":\"small\",\"image_gutter\":\"small\",\"image_vertical_align\":true,\"link_size\":\"small\",\"text_align\":\"center\"}}]},{\"name\":\"\",\"type\":\"column\",\"props\":{\"widths\":[\"\"],\"image_position\":\"center-center\"},\"children\":[{\"name\":\"\",\"type\":\"panel\",\"props\":{\"link_text\":\"PRODUTOS\",\"title_element\":\"h3\",\"meta_style\":\"meta\",\"meta_align\":\"bottom\",\"icon_ratio\":4,\"image_align\":\"top\",\"image_grid_width\":\"1-3\",\"image_breakpoint\":\"s\",\"link_style\":\"primary\",\"margin\":\"default\",\"title\":\"TRAIL RIDER\",\"image\":\"wp-content\\\/uploads\\\/2019\\\/02\\\/trail-rider-2.jpg\",\"content\":\"Robustez, confiabilidade e estilo para big trails\",\"link\":\"http:\\\/\\\/pneusavon.com.br\\\/site\\\/produtos\\\/\",\"panel_style\":\"card-hover\",\"panel_size\":\"small\",\"image_gutter\":\"small\",\"image_vertical_align\":true,\"link_size\":\"small\",\"text_align\":\"center\"}},{\"name\":\"\",\"type\":\"panel\",\"props\":{\"link_text\":\"PRODUTOS\",\"title_element\":\"h3\",\"meta_style\":\"meta\",\"meta_align\":\"bottom\",\"icon_ratio\":4,\"image_align\":\"top\",\"image_grid_width\":\"1-3\",\"image_breakpoint\":\"s\",\"link_style\":\"primary\",\"margin\":\"default\",\"title\":\"TREKRIDER\",\"image\":\"wp-content\\\/uploads\\\/2018\\\/01\\\/trek.jpg\",\"content\":\"Versatilidade para todos os terrenos\",\"link\":\"http:\\\/\\\/pneusavon.com.br\\\/site\\\/produtos\\\/\",\"panel_style\":\"card-hover\",\"panel_size\":\"small\",\"image_gutter\":\"small\",\"image_vertical_align\":true,\"link_size\":\"small\",\"text_align\":\"center\"}}]}]}]}]} --><\/p>\n","protected":false},"excerpt":{"rendered":"<p>SOBRE A Avon tyres \u00e9 uma marca inglesa sin\u00f4nimo de qualidade e tradi\u00e7\u00e3o. Fundada em 1885, a marca vem fabricando pneus desde 1900, quando a at\u00e9 ent\u00e3o Avon India Rubber come\u00e7ou a criar seus primeiros pneus para bicicletas, seguindo para pneus de motocicletas em 1911. Hoje \u00e9 equipamento original de modelos de marcas reconhecidas tais [&hellip;]<\/p>\n","protected":false},"author":1,"featured_media":0,"parent":0,"menu_order":0,"comment_status":"closed","ping_status":"closed","template":"","meta":{"footnotes":""},"class_list":["post-5","page","type-page","status-publish","hentry"],"_links":{"self":[{"href":"http:\/\/pneusavon.com.br\/site\/wp-json\/wp\/v2\/pages\/5","targetHints":{"allow":["GET"]}}],"collection":[{"href":"http:\/\/pneusavon.com.br\/site\/wp-json\/wp\/v2\/pages"}],"about":[{"href":"http:\/\/pneusavon.com.br\/site\/wp-json\/wp\/v2\/types\/page"}],"author":[{"embeddable":true,"href":"http:\/\/pneusavon.com.br\/site\/wp-json\/wp\/v2\/users\/1"}],"replies":[{"embeddable":true,"href":"http:\/\/pneusavon.com.br\/site\/wp-json\/wp\/v2\/comments?post=5"}],"version-history":[{"count":22,"href":"http:\/\/pneusavon.com.br\/site\/wp-json\/wp\/v2\/pages\/5\/revisions"}],"predecessor-version":[{"id":232,"href":"http:\/\/pneusavon.com.br\/site\/wp-json\/wp\/v2\/pages\/5\/revisions\/232"}],"wp:attachment":[{"href":"http:\/\/pneusavon.com.br\/site\/wp-json\/wp\/v2\/media?parent=5"}],"curies":[{"name":"wp","href":"https:\/\/api.w.org\/{rel}","templated":true}]}}